{"id":209,"date":"2026-01-27T01:20:26","date_gmt":"2026-01-27T01:20:26","guid":{"rendered":"https:\/\/jvsolucionestech.com\/?page_id=209"},"modified":"2026-01-29T05:26:45","modified_gmt":"2026-01-29T05:26:45","slug":"suertejv","status":"publish","type":"page","link":"https:\/\/jvsolucionestech.com\/?page_id=209","title":{"rendered":"SUERTE JV"},"content":{"rendered":"<p>[et_pb_section fb_built=&#8221;1&#8243; admin_label=&#8221;Header&#8221; _builder_version=&#8221;4.25.2&#8243; _module_preset=&#8221;default&#8221; background_enable_color=&#8221;off&#8221; locked=&#8221;off&#8221; global_colors_info=&#8221;{%22gcid-b6c4f12c-f25d-4f61-9fb1-6e96404634cd%22:%91%22background_color%22%93}&#8221;][et_pb_row _builder_version=&#8221;4.25.2&#8243; _module_preset=&#8221;fa9ef1d7-8ad1-44a5-82dc-76716e78ab1e&#8221; global_colors_info=&#8221;{}&#8221;][et_pb_column type=&#8221;4_4&#8243; _builder_version=&#8221;4.25.2&#8243; _module_preset=&#8221;default&#8221; global_colors_info=&#8221;{}&#8221;][et_pb_heading title=&#8221;PUNTO DE SUERTE&#8221; _builder_version=&#8221;4.27.5&#8243; _module_preset=&#8221;f16df5fb-a9a6-4097-8f75-18e6d5df0b91&#8243; custom_margin=&#8221;||10px||false|false&#8221; custom_padding=&#8221;28px|||||&#8221; hover_enabled=&#8221;0&#8243; global_colors_info=&#8221;{}&#8221; sticky_enabled=&#8221;0&#8243;][\/et_pb_heading][\/et_pb_column][\/et_pb_row][et_pb_row column_structure=&#8221;3_5,2_5&#8243; _builder_version=&#8221;4.25.2&#8243; _module_preset=&#8221;fa9ef1d7-8ad1-44a5-82dc-76716e78ab1e&#8221; custom_margin=&#8221;|auto|48px|auto||&#8221; global_colors_info=&#8221;{}&#8221;][et_pb_column type=&#8221;3_5&#8243; _builder_version=&#8221;4.25.2&#8243; _module_preset=&#8221;default&#8221; global_colors_info=&#8221;{}&#8221;][et_pb_text _builder_version=&#8221;4.25.2&#8243; _module_preset=&#8221;13484ec2-1c68-483c-8a82-d98975624fdf&#8221; custom_margin=&#8221;||16px|||&#8221; global_colors_info=&#8221;{}&#8221;]<\/p>\n<h3 data-start=\"301\" data-end=\"365\">Participa desde <strong data-start=\"320\" data-end=\"337\">$1 por n\u00famero<\/strong> y gana tecnolog\u00eda incre\u00edble.<\/h3>\n<p data-start=\"367\" data-end=\"545\"><strong data-start=\"367\" data-end=\"380\">Suerte JV<\/strong> es nuestro sorteo tecnol\u00f3gico donde puedes ganar <strong data-start=\"430\" data-end=\"464\">equipos completos y originales<\/strong> pagando solo <strong data-start=\"478\" data-end=\"500\">$1 por cada n\u00famero<\/strong>.<br data-start=\"501\" data-end=\"504\" \/>M\u00e1s n\u00fameros = m\u00e1s oportunidades de ganar.<\/p>\n<p>[\/et_pb_text][et_pb_text _builder_version=&#8221;4.25.2&#8243; _module_preset=&#8221;13484ec2-1c68-483c-8a82-d98975624fdf&#8221; custom_margin=&#8221;||0px|||&#8221; custom_padding=&#8221;||0px|||&#8221; global_colors_info=&#8221;{}&#8221;]<\/p>\n<h3>Primera Suerte<img loading=\"lazy\" decoding=\"async\" src=\"https:\/\/jvsolucionestech.com\/wp-content\/uploads\/2026\/01\/PRIMERA-SUERTE-150x150.jpg\" width=\"150\" height=\"150\" alt=\"\" class=\"wp-image-223 alignnone size-thumbnail\" style=\"font-size: 16px; text-align: right; float: right;\" \/><\/h3>\n<p>Combo Roblox: CPU, monitor, mouse,teclado y parlantes<\/p>\n<p>&nbsp;<\/p>\n<p>&nbsp;<\/p>\n<p>[\/et_pb_text][et_pb_text _builder_version=&#8221;4.27.5&#8243; _module_preset=&#8221;13484ec2-1c68-483c-8a82-d98975624fdf&#8221; custom_margin=&#8221;||0px|||&#8221; custom_padding=&#8221;0px|||||&#8221; global_colors_info=&#8221;{}&#8221;]<\/p>\n<h3>Segunda Suerte<img loading=\"lazy\" decoding=\"async\" src=\"https:\/\/jvsolucionestech.com\/wp-content\/uploads\/2026\/01\/SEGUNDA-SUERTE.jpg\" width=\"150\" height=\"150\" alt=\"\" class=\"wp-image-223 alignnone size-thumbnail\" style=\"font-size: 16px; text-align: right; float: right;\" \/><\/h3>\n<p>Smartphone SAMSUNG Galaxy A56 5G, NUEVO.<\/p>\n<p>&nbsp;<\/p>\n<p>&nbsp;[\/et_pb_text][et_pb_text _builder_version=&#8221;4.27.5&#8243; _module_preset=&#8221;13484ec2-1c68-483c-8a82-d98975624fdf&#8221; custom_margin=&#8221;||0px|||&#8221; global_colors_info=&#8221;{}&#8221;]<\/p>\n<h3>Tercera Suerte<img loading=\"lazy\" decoding=\"async\" src=\"https:\/\/jvsolucionestech.com\/wp-content\/uploads\/2026\/01\/TERCERA-SUERTE.jpg\" width=\"150\" height=\"150\" alt=\"\" class=\"wp-image-223 alignnone size-thumbnail\" style=\"font-size: 16px; text-align: right; float: right;\" \/><\/h3>\n<p>Laptop LENOVO: I5, 16 RAM, 256 SSD[\/et_pb_text][\/et_pb_column][et_pb_column type=&#8221;2_5&#8243; _builder_version=&#8221;4.25.2&#8243; _module_preset=&#8221;default&#8221; global_colors_info=&#8221;{}&#8221;][et_pb_image src=&#8221;https:\/\/jvsolucionestech.com\/wp-content\/uploads\/2026\/01\/ARTE-SORTEO-JV-1.jpg&#8221; title_text=&#8221;ARTE-SORTEO-JV-1&#8243; _builder_version=&#8221;4.27.5&#8243; _module_preset=&#8221;default&#8221; global_colors_info=&#8221;{}&#8221;][\/et_pb_image][\/et_pb_column][\/et_pb_row][\/et_pb_section][et_pb_section fb_built=&#8221;1&#8243; admin_label=&#8221;Header&#8221; _builder_version=&#8221;4.25.2&#8243; _module_preset=&#8221;default&#8221; background_enable_color=&#8221;off&#8221; locked=&#8221;off&#8221; global_colors_info=&#8221;{%22gcid-b6c4f12c-f25d-4f61-9fb1-6e96404634cd%22:%91%22background_color%22%93}&#8221;][et_pb_row column_structure=&#8221;1_2,1_2&#8243; _builder_version=&#8221;4.25.2&#8243; _module_preset=&#8221;fa9ef1d7-8ad1-44a5-82dc-76716e78ab1e&#8221; custom_padding=&#8221;||18px|||&#8221; global_colors_info=&#8221;{}&#8221;][et_pb_column type=&#8221;1_2&#8243; _builder_version=&#8221;4.25.2&#8243; _module_preset=&#8221;default&#8221; global_colors_info=&#8221;{}&#8221;][et_pb_number_counter title=&#8221;PORCENTAJE VENDIDO&#8221; number=&#8221;25&#8243; _builder_version=&#8221;4.27.5&#8243; _module_preset=&#8221;default&#8221; title_level=&#8221;h2&#8243; title_font=&#8221;Archivo Black||||||||&#8221; number_text_color=&#8221;#000000&#8243; number_font_size=&#8221;100px&#8221; number_letter_spacing=&#8221;8px&#8221; number_line_height=&#8221;25px&#8221; custom_margin=&#8221;-23px|||||&#8221; custom_padding=&#8221;23px|||||&#8221; number_text_shadow_style=&#8221;preset1&#8243; global_colors_info=&#8221;{}&#8221;][\/et_pb_number_counter][\/et_pb_column][et_pb_column type=&#8221;1_2&#8243; _builder_version=&#8221;4.25.2&#8243; _module_preset=&#8221;default&#8221; global_colors_info=&#8221;{}&#8221;][et_pb_text _builder_version=&#8221;4.27.5&#8243; _module_preset=&#8221;default&#8221; text_font=&#8221;Archivo Black||||||||&#8221; min_height=&#8221;61px&#8221; custom_margin=&#8221;-23px||-3px|||&#8221; custom_padding=&#8221;75px||13px|||&#8221; global_colors_info=&#8221;{}&#8221;]<\/p>\n<h1 style=\"text-align: right;\"><strong>SOLO SON <span style=\"font-size: xx-large;\">300<\/span> CUPOS DISPONIBLES<\/strong><\/h1>\n<p>[\/et_pb_text][\/et_pb_column][\/et_pb_row][et_pb_row _builder_version=&#8221;4.25.2&#8243; _module_preset=&#8221;fa9ef1d7-8ad1-44a5-82dc-76716e78ab1e&#8221; custom_padding=&#8221;||34px|||&#8221; global_colors_info=&#8221;{}&#8221;][et_pb_column type=&#8221;4_4&#8243; _builder_version=&#8221;4.25.2&#8243; _module_preset=&#8221;default&#8221; global_colors_info=&#8221;{}&#8221;][et_pb_countdown_timer title=&#8221;D\u00cdAS QUE FALTAN PARA LA EL SORTEO&#8221; date_time=&#8221;2026-03-13 08:51&#8243; _builder_version=&#8221;4.27.5&#8243; _module_preset=&#8221;default&#8221; background_color=&#8221;#0C71C3&#8243; text_shadow_style=&#8221;preset3&#8243; global_colors_info=&#8221;{}&#8221;][\/et_pb_countdown_timer][\/et_pb_column][\/et_pb_row][et_pb_row _builder_version=&#8221;4.25.2&#8243; _module_preset=&#8221;fa9ef1d7-8ad1-44a5-82dc-76716e78ab1e&#8221; custom_padding=&#8221;||34px|||&#8221; global_colors_info=&#8221;{}&#8221;][et_pb_column type=&#8221;4_4&#8243; _builder_version=&#8221;4.25.2&#8243; _module_preset=&#8221;default&#8221; global_colors_info=&#8221;{}&#8221;][et_pb_text _builder_version=&#8221;4.27.5&#8243; _module_preset=&#8221;default&#8221; global_colors_info=&#8221;{}&#8221;]<\/p>\n<h2 style=\"text-align: center;\"><strong>CONT\u00c1CTANOS O VISITANOS PARA REALIZAR TU COMPRA<\/strong><\/h2>\n<p>[\/et_pb_text][\/et_pb_column][\/et_pb_row][\/et_pb_section][et_pb_section fb_built=&#8221;1&#8243; admin_label=&#8221;Header&#8221; _builder_version=&#8221;4.25.2&#8243; _module_preset=&#8221;default&#8221; background_enable_color=&#8221;off&#8221; locked=&#8221;off&#8221; global_colors_info=&#8221;{%22gcid-b6c4f12c-f25d-4f61-9fb1-6e96404634cd%22:%91%22background_color%22%93}&#8221;][et_pb_row column_structure=&#8221;1_2,1_2&#8243; _builder_version=&#8221;4.25.2&#8243; _module_preset=&#8221;fa9ef1d7-8ad1-44a5-82dc-76716e78ab1e&#8221; custom_padding=&#8221;||34px|||&#8221; global_colors_info=&#8221;{}&#8221;][et_pb_column type=&#8221;1_2&#8243; _builder_version=&#8221;4.25.2&#8243; _module_preset=&#8221;default&#8221; global_colors_info=&#8221;{}&#8221;][et_pb_code _builder_version=&#8221;4.27.5&#8243; _module_preset=&#8221;default&#8221; text_orientation=&#8221;center&#8221; width=&#8221;100%&#8221; locked=&#8221;off&#8221; global_colors_info=&#8221;{}&#8221;]<iframe src=\"https:\/\/www.google.com\/maps\/embed?pb=!1m18!1m12!1m3!1d31894.87425448508!2d-79.91298802559595!3d-2.2068012698987656!2m3!1f0!2f0!3f0!3m2!1i1024!2i768!4f13.1!3m3!1m2!1s0x902d6d3c49af72bf%3A0xc1b4c47ea6c94539!2sJV_Soluciones-Tecnologicas!5e0!3m2!1ses!2sec!4v1766557445038!5m2!1ses!2sec\" width=\"600\" height=\"450\" style=\"border:0;\" allowfullscreen=\"\" loading=\"lazy\" referrerpolicy=\"no-referrer-when-downgrade\"><\/iframe>[\/et_pb_code][\/et_pb_column][et_pb_column type=&#8221;1_2&#8243; _builder_version=&#8221;4.25.2&#8243; _module_preset=&#8221;default&#8221; global_colors_info=&#8221;{}&#8221;][et_pb_blurb title=&#8221;Celular:&#8221; use_icon=&#8221;on&#8221; font_icon=&#8221;&#xf40c;||fa||400&#8243; icon_color=&#8221;#0C71C3&#8243; icon_placement=&#8221;left&#8221; image_icon_width=&#8221;53px&#8221; _builder_version=&#8221;4.27.5&#8243; _module_preset=&#8221;90f7b9ca-0ecb-41b1-9c88-97b40790ef9f&#8221; custom_margin=&#8221;||9px|||&#8221; locked=&#8221;off&#8221; global_colors_info=&#8221;{}&#8221;]<\/p>\n<p>+593987477988 \/ +593959586833<\/p>\n<p>[\/et_pb_blurb][et_pb_blurb title=&#8221;Direcci\u00f3n:&#8221; use_icon=&#8221;on&#8221; font_icon=&#8221;&#xe081;||divi||400&#8243; icon_color=&#8221;#0C71C3&#8243; icon_placement=&#8221;left&#8221; image_icon_width=&#8221;53px&#8221; _builder_version=&#8221;4.27.5&#8243; _module_preset=&#8221;90f7b9ca-0ecb-41b1-9c88-97b40790ef9f&#8221; custom_margin=&#8221;20px||13px|||&#8221; custom_padding=&#8221;0px|||||&#8221; locked=&#8221;off&#8221; global_colors_info=&#8221;{}&#8221;]<\/p>\n<p>9 De Octubre y Pedro Carbo Noboa, Guayaquil, Ecuador<\/p>\n<p>[\/et_pb_blurb][et_pb_blurb title=&#8221;Email:&#8221; use_icon=&#8221;on&#8221; font_icon=&#8221;&#xf658;||fa||900&#8243; icon_color=&#8221;#0C71C3&#8243; icon_placement=&#8221;left&#8221; image_icon_width=&#8221;53px&#8221; _builder_version=&#8221;4.27.5&#8243; _module_preset=&#8221;90f7b9ca-0ecb-41b1-9c88-97b40790ef9f&#8221; custom_padding=&#8221;23px|||||&#8221; locked=&#8221;off&#8221; global_colors_info=&#8221;{}&#8221;]<\/p>\n<p>info@jvsolucionestech.com<\/p>\n<p>[\/et_pb_blurb][\/et_pb_column][\/et_pb_row][\/et_pb_section]<\/p>\n","protected":false},"excerpt":{"rendered":"<p>SUERTEJV<\/p>\n","protected":false},"author":1,"featured_media":0,"parent":0,"menu_order":0,"comment_status":"closed","ping_status":"closed","template":"","meta":{"_et_pb_use_builder":"on","_et_pb_old_content":"","_et_gb_content_width":"","footnotes":""},"class_list":["post-209","page","type-page","status-publish","hentry"],"_links":{"self":[{"href":"https:\/\/jvsolucionestech.com\/index.php?rest_route=\/wp\/v2\/pages\/209","targetHints":{"allow":["GET"]}}],"collection":[{"href":"https:\/\/jvsolucionestech.com\/index.php?rest_route=\/wp\/v2\/pages"}],"about":[{"href":"https:\/\/jvsolucionestech.com\/index.php?rest_route=\/wp\/v2\/types\/page"}],"author":[{"embeddable":true,"href":"https:\/\/jvsolucionestech.com\/index.php?rest_route=\/wp\/v2\/users\/1"}],"replies":[{"embeddable":true,"href":"https:\/\/jvsolucionestech.com\/index.php?rest_route=%2Fwp%2Fv2%2Fcomments&post=209"}],"version-history":[{"count":19,"href":"https:\/\/jvsolucionestech.com\/index.php?rest_route=\/wp\/v2\/pages\/209\/revisions"}],"predecessor-version":[{"id":247,"href":"https:\/\/jvsolucionestech.com\/index.php?rest_route=\/wp\/v2\/pages\/209\/revisions\/247"}],"wp:attachment":[{"href":"https:\/\/jvsolucionestech.com\/index.php?rest_route=%2Fwp%2Fv2%2Fmedia&parent=209"}],"curies":[{"name":"wp","href":"https:\/\/api.w.org\/{rel}","templated":true}]}}